{"id":1997,"date":"2022-07-19T23:44:42","date_gmt":"2022-07-19T23:44:42","guid":{"rendered":"https:\/\/kresosusec.com.hr\/wp\/?post_type=product&#038;p=1997"},"modified":"2022-07-19T23:44:42","modified_gmt":"2022-07-19T23:44:42","slug":"dr-nmr5-45-45-125-sunbeams-zice","status":"publish","type":"product","link":"https:\/\/kresosusec.com.hr\/wp\/product\/dr-nmr5-45-45-125-sunbeams-zice\/","title":{"rendered":"DR NMR5-45 45-125 SUNBEAMS \u017dICE"},"content":{"rendered":"<p>Jo\u0161 jedan korak naprijed na kontinuiranom putu za svira\u010de koji konstantno tra\u017ee kako unaprijediti svoje vje\u0161tine i svoj &#8220;alat&#8221; da bi mogli istinski u\u017eivati u svirci. Sunbeams su idu\u0107a generacija niklovanih bas \u017eica koje su kru\u017eno motane oko jezgre. Sunbeams su korak naprijed za tradicionalnog glazbenika i odli\u010dan izbor za fretless bas jer donose i svjetlinu i toplinu. Sunbeams imaju poznatu DR fleksibilnost i nisku tenziju sa toplinom nikla i mekanim osje\u0107ajem pod prstima te poja\u010danim odazivom na magnetske pickupe. Tony Franklin ka\u017ee &#8220;Sunbeams me odu\u0161evljavaju&#8230; Obo\u017eavam ih na svojem fretlessu.&#8221;<\/p>\n<p>Za 5-\u017ei\u010danu bas gitaru, debljina \u017eica u setu: 045-065-085-105-125<\/p>\n","protected":false},"excerpt":{"rendered":"<p>Sunbeams su idu\u0107a generacija niklovanih bas \u017eica koje su kru\u017eno motane oko jezgre.<\/p>\n","protected":false},"featured_media":1998,"comment_status":"open","ping_status":"closed","template":"","meta":{"site-sidebar-layout":"default","site-content-layout":"default","ast-global-header-display":"","ast-main-header-display":"","ast-hfb-above-header-display":"","ast-hfb-below-header-display":"","ast-hfb-mobile-header-display":"","site-post-title":"","ast-breadcrumbs-content":"","ast-featured-img":"","footer-sml-layout":"","theme-transparent-header-meta":"default","adv-header-id-meta":"","stick-header-meta":"","header-above-stick-meta":"","header-main-stick-meta":"","header-below-stick-meta":""},"product_cat":[93],"product_tag":[],"class_list":{"0":"post-1997","1":"product","2":"type-product","3":"status-publish","4":"has-post-thumbnail","6":"product_cat-zice-za-bass-gitaru","7":"desktop-align-left","8":"tablet-align-left","9":"mobile-align-left","11":"first","12":"instock","13":"taxable","14":"shipping-taxable","15":"purchasable","16":"product-type-simple"},"_links":{"self":[{"href":"https:\/\/kresosusec.com.hr\/wp\/wp-json\/wp\/v2\/product\/1997","targetHints":{"allow":["GET"]}}],"collection":[{"href":"https:\/\/kresosusec.com.hr\/wp\/wp-json\/wp\/v2\/product"}],"about":[{"href":"https:\/\/kresosusec.com.hr\/wp\/wp-json\/wp\/v2\/types\/product"}],"replies":[{"embeddable":true,"href":"https:\/\/kresosusec.com.hr\/wp\/wp-json\/wp\/v2\/comments?post=1997"}],"wp:featuredmedia":[{"embeddable":true,"href":"https:\/\/kresosusec.com.hr\/wp\/wp-json\/wp\/v2\/media\/1998"}],"wp:attachment":[{"href":"https:\/\/kresosusec.com.hr\/wp\/wp-json\/wp\/v2\/media?parent=1997"}],"wp:term":[{"taxonomy":"product_cat","embeddable":true,"href":"https:\/\/kresosusec.com.hr\/wp\/wp-json\/wp\/v2\/product_cat?post=1997"},{"taxonomy":"product_tag","embeddable":true,"href":"https:\/\/kresosusec.com.hr\/wp\/wp-json\/wp\/v2\/product_tag?post=1997"}],"curies":[{"name":"wp","href":"https:\/\/api.w.org\/{rel}","templated":true}]}}