{"id":1975,"date":"2022-07-19T22:00:45","date_gmt":"2022-07-19T22:00:45","guid":{"rendered":"https:\/\/kresosusec.com.hr\/wp\/?post_type=product&#038;p=1975"},"modified":"2022-07-19T22:00:45","modified_gmt":"2022-07-19T22:00:45","slug":"stagg-gitara-akusticna-ac-1048-br-zice","status":"publish","type":"product","link":"https:\/\/kresosusec.com.hr\/wp\/product\/stagg-gitara-akusticna-ac-1048-br-zice\/","title":{"rendered":"STAGG GITARA AKUSTI\u010cNA AC 1048 BR \u017dICE"},"content":{"rendered":"<p>Bronze set za akusti\u010dnu gitaru\u00a0&#8211; extra-light (10-14-23-30-38-48).<\/p>\n","protected":false},"excerpt":{"rendered":"<p>Bronze set za akusti\u010dnu gitaru &#8211; extra-light (10-14-23-30-38-48).<\/p>\n","protected":false},"featured_media":1976,"comment_status":"open","ping_status":"closed","template":"","meta":{"site-sidebar-layout":"default","site-content-layout":"default","ast-global-header-display":"","ast-main-header-display":"","ast-hfb-above-header-display":"","ast-hfb-below-header-display":"","ast-hfb-mobile-header-display":"","site-post-title":"","ast-breadcrumbs-content":"","ast-featured-img":"","footer-sml-layout":"","theme-transparent-header-meta":"default","adv-header-id-meta":"","stick-header-meta":"","header-above-stick-meta":"","header-main-stick-meta":"","header-below-stick-meta":""},"product_cat":[92],"product_tag":[],"class_list":{"0":"post-1975","1":"product","2":"type-product","3":"status-publish","4":"has-post-thumbnail","6":"product_cat-zice-za-el-gitaru","7":"desktop-align-left","8":"tablet-align-left","9":"mobile-align-left","11":"first","12":"instock","13":"taxable","14":"shipping-taxable","15":"purchasable","16":"product-type-simple"},"_links":{"self":[{"href":"https:\/\/kresosusec.com.hr\/wp\/wp-json\/wp\/v2\/product\/1975","targetHints":{"allow":["GET"]}}],"collection":[{"href":"https:\/\/kresosusec.com.hr\/wp\/wp-json\/wp\/v2\/product"}],"about":[{"href":"https:\/\/kresosusec.com.hr\/wp\/wp-json\/wp\/v2\/types\/product"}],"replies":[{"embeddable":true,"href":"https:\/\/kresosusec.com.hr\/wp\/wp-json\/wp\/v2\/comments?post=1975"}],"wp:featuredmedia":[{"embeddable":true,"href":"https:\/\/kresosusec.com.hr\/wp\/wp-json\/wp\/v2\/media\/1976"}],"wp:attachment":[{"href":"https:\/\/kresosusec.com.hr\/wp\/wp-json\/wp\/v2\/media?parent=1975"}],"wp:term":[{"taxonomy":"product_cat","embeddable":true,"href":"https:\/\/kresosusec.com.hr\/wp\/wp-json\/wp\/v2\/product_cat?post=1975"},{"taxonomy":"product_tag","embeddable":true,"href":"https:\/\/kresosusec.com.hr\/wp\/wp-json\/wp\/v2\/product_tag?post=1975"}],"curies":[{"name":"wp","href":"https:\/\/api.w.org\/{rel}","templated":true}]}}