{"id":1927,"date":"2022-07-19T19:19:36","date_gmt":"2022-07-19T19:19:36","guid":{"rendered":"https:\/\/kresosusec.com.hr\/wp\/?post_type=product&#038;p=1927"},"modified":"2022-07-19T19:19:36","modified_gmt":"2022-07-19T19:19:36","slug":"shure-sm57-lc-mikrofon","status":"publish","type":"product","link":"https:\/\/kresosusec.com.hr\/wp\/product\/shure-sm57-lc-mikrofon\/","title":{"rendered":"SHURE SM57-LC MIKROFON"},"content":{"rendered":"<p>Legendarni mikrofon specijalno namjenjen za ozvu\u010davanje gitarskih poja\u010dala, snare-a, ali i vokala. Daje svijetli, \u010disti i jasni zvuk sa zaokru\u017eenim frekvencijskim rasponom, SM57 je idealan mikrofon za kori\u0161tenje u \u017eivoj svirci i kod studijskog snimanja. Izrazito ekeftivan kardoidni pickup pattern koji izolira glavni zvu\u010dni izvor dok minimalizira \u0161um iz okoline. Odli\u010dan mikrofon za ozvu\u010davanje bubnjeva, gitare ili puha\u010dkih instrumenata u studiju. Vrhunska izvedba, pouzdanost i svestranost \u010dini ovajmikrofon prvim izborom izvo\u0111a\u010da, producenata i audio in\u017eenjera diljem svijeta. Mikrofon se isporu\u010duje s ko\u017enom torbicom i lulicom za monta\u017eu na stalak.<\/p>\n","protected":false},"excerpt":{"rendered":"<p>Legendarni mikrofon specijalno namjenjen za ozvu\u010davanje gitarskih poja\u010dala, snare-a, ali i vokala.<\/p>\n","protected":false},"featured_media":1928,"comment_status":"open","ping_status":"closed","template":"","meta":{"site-sidebar-layout":"default","site-content-layout":"default","ast-global-header-display":"","ast-main-header-display":"","ast-hfb-above-header-display":"","ast-hfb-below-header-display":"","ast-hfb-mobile-header-display":"","site-post-title":"","ast-breadcrumbs-content":"","ast-featured-img":"","footer-sml-layout":"","theme-transparent-header-meta":"default","adv-header-id-meta":"","stick-header-meta":"","header-above-stick-meta":"","header-main-stick-meta":"","header-below-stick-meta":""},"product_cat":[57],"product_tag":[],"class_list":{"0":"post-1927","1":"product","2":"type-product","3":"status-publish","4":"has-post-thumbnail","6":"product_cat-dinamicki","7":"desktop-align-left","8":"tablet-align-left","9":"mobile-align-left","11":"first","12":"instock","13":"taxable","14":"shipping-taxable","15":"purchasable","16":"product-type-simple"},"_links":{"self":[{"href":"https:\/\/kresosusec.com.hr\/wp\/wp-json\/wp\/v2\/product\/1927","targetHints":{"allow":["GET"]}}],"collection":[{"href":"https:\/\/kresosusec.com.hr\/wp\/wp-json\/wp\/v2\/product"}],"about":[{"href":"https:\/\/kresosusec.com.hr\/wp\/wp-json\/wp\/v2\/types\/product"}],"replies":[{"embeddable":true,"href":"https:\/\/kresosusec.com.hr\/wp\/wp-json\/wp\/v2\/comments?post=1927"}],"wp:featuredmedia":[{"embeddable":true,"href":"https:\/\/kresosusec.com.hr\/wp\/wp-json\/wp\/v2\/media\/1928"}],"wp:attachment":[{"href":"https:\/\/kresosusec.com.hr\/wp\/wp-json\/wp\/v2\/media?parent=1927"}],"wp:term":[{"taxonomy":"product_cat","embeddable":true,"href":"https:\/\/kresosusec.com.hr\/wp\/wp-json\/wp\/v2\/product_cat?post=1927"},{"taxonomy":"product_tag","embeddable":true,"href":"https:\/\/kresosusec.com.hr\/wp\/wp-json\/wp\/v2\/product_tag?post=1927"}],"curies":[{"name":"wp","href":"https:\/\/api.w.org\/{rel}","templated":true}]}}