{"id":1906,"date":"2022-07-19T17:40:14","date_gmt":"2022-07-19T17:40:14","guid":{"rendered":"https:\/\/kresosusec.com.hr\/wp\/?post_type=product&#038;p=1906"},"modified":"2022-07-19T17:40:14","modified_gmt":"2022-07-19T17:40:14","slug":"casio-sa-77-synthesizer","status":"publish","type":"product","link":"https:\/\/kresosusec.com.hr\/wp\/product\/casio-sa-77-synthesizer\/","title":{"rendered":"CASIO SA-77 SYNTHESIZER"},"content":{"rendered":"<p>Casio SA-77 ima 44 tipke i nudi vam sve \u0161to je potrebno mladom glazbeniku da u\u0111e u svijet klavijatura. 100 zvukova, 50 ritmova i 10 ugra\u0111enih pjesama, SA-77 klavijatura \u0107e osigurati da va\u0161e dijete napreduje brzo.<\/p>\n<p>Uz klavijaturu ne dolazi adapter.<\/p>\n<p>Boja: crna\/siva<\/p>\n","protected":false},"excerpt":{"rendered":"<p>Casio SA-77 ima 44 tipke i nudi vam sve \u0161to je potrebno mladom glazbeniku da u\u0111e u svijet klavijatura. 100 zvukova, 50 ritmova i 10 ugra\u0111enih pjesama.<\/p>\n","protected":false},"featured_media":1907,"comment_status":"open","ping_status":"closed","template":"","meta":{"site-sidebar-layout":"default","site-content-layout":"default","ast-global-header-display":"","ast-main-header-display":"","ast-hfb-above-header-display":"","ast-hfb-below-header-display":"","ast-hfb-mobile-header-display":"","site-post-title":"","ast-breadcrumbs-content":"","ast-featured-img":"","footer-sml-layout":"","theme-transparent-header-meta":"default","adv-header-id-meta":"","stick-header-meta":"","header-above-stick-meta":"","header-main-stick-meta":"","header-below-stick-meta":""},"product_cat":[55],"product_tag":[80],"class_list":{"0":"post-1906","1":"product","2":"type-product","3":"status-publish","4":"has-post-thumbnail","6":"product_cat-casio","7":"product_tag-djeca","8":"desktop-align-left","9":"tablet-align-left","10":"mobile-align-left","12":"first","13":"instock","14":"taxable","15":"shipping-taxable","16":"purchasable","17":"product-type-simple"},"_links":{"self":[{"href":"https:\/\/kresosusec.com.hr\/wp\/wp-json\/wp\/v2\/product\/1906","targetHints":{"allow":["GET"]}}],"collection":[{"href":"https:\/\/kresosusec.com.hr\/wp\/wp-json\/wp\/v2\/product"}],"about":[{"href":"https:\/\/kresosusec.com.hr\/wp\/wp-json\/wp\/v2\/types\/product"}],"replies":[{"embeddable":true,"href":"https:\/\/kresosusec.com.hr\/wp\/wp-json\/wp\/v2\/comments?post=1906"}],"wp:featuredmedia":[{"embeddable":true,"href":"https:\/\/kresosusec.com.hr\/wp\/wp-json\/wp\/v2\/media\/1907"}],"wp:attachment":[{"href":"https:\/\/kresosusec.com.hr\/wp\/wp-json\/wp\/v2\/media?parent=1906"}],"wp:term":[{"taxonomy":"product_cat","embeddable":true,"href":"https:\/\/kresosusec.com.hr\/wp\/wp-json\/wp\/v2\/product_cat?post=1906"},{"taxonomy":"product_tag","embeddable":true,"href":"https:\/\/kresosusec.com.hr\/wp\/wp-json\/wp\/v2\/product_tag?post=1906"}],"curies":[{"name":"wp","href":"https:\/\/api.w.org\/{rel}","templated":true}]}}